{"id":52,"date":"2024-06-06T23:37:11","date_gmt":"2024-06-07T02:37:11","guid":{"rendered":"http:\/\/areinaldo.local\/?page_id=52"},"modified":"2024-10-22T10:57:58","modified_gmt":"2024-10-22T13:57:58","slug":"empresa","status":"publish","type":"page","link":"https:\/\/i2w.com.br\/areinaldo\/empresa\/","title":{"rendered":"Empresa"},"content":{"rendered":"<p>Executamos vistorias em helipontos, helic\u00f3pteros, empresas ligadas ao setor aeron\u00e1utico, embarca\u00e7\u00f5es de recreio, plataformas e navios, visando a verificar e orientar quanto ao atendimento \u00e0s normas nacionais e internacionais, fazendo tamb\u00e9m inspe\u00e7\u00f5es de seguran\u00e7a de vasos de press\u00e3o e caldeira, preparando as embarca\u00e7\u00f5es para a inspe\u00e7\u00e3o do &#8220;Port State Control&#8221;.<\/p>\n<p>Para a\u00a0A. REINALDO\u00a0n\u00e3o tem fronteiras. Atendemos a v\u00e1rios clientes em todo Brasil e em pa\u00edses como\u00a0Cor\u00e9ia, Cingapura, Fran\u00e7a, Estados Unidos, Holanda, Espanha e Angola. Grandes companhias do segmento de petr\u00f3leo e g\u00e1s s\u00e3o atendidas pela\u00a0A. REINALDO Inspe\u00e7\u00f5es e Treinamentos LTDA.<\/p>\n<p>Empresa credenciada pela Autoridade Mar\u00edtima Brasileira (DPC).<\/p>\n","protected":false},"excerpt":{"rendered":"<p>Executamos vistorias em helipontos, helic\u00f3pteros, empresas ligadas ao setor aeron\u00e1utico, embarca\u00e7\u00f5es de recreio, plataformas e navios, visando a verificar e orientar quanto ao atendimento \u00e0s normas nacionais e internacionais, fazendo tamb\u00e9m inspe\u00e7\u00f5es de seguran\u00e7a de vasos de [&hellip;]<\/p>\n","protected":false},"author":1,"featured_media":673,"parent":0,"menu_order":0,"comment_status":"closed","ping_status":"closed","template":"page-sobre.php","meta":{"_acf_changed":false,"inline_featured_image":false,"footnotes":""},"class_list":["post-52","page","type-page","status-publish","has-post-thumbnail","hentry"],"acf":[],"_links":{"self":[{"href":"https:\/\/i2w.com.br\/areinaldo\/wp-json\/wp\/v2\/pages\/52","targetHints":{"allow":["GET"]}}],"collection":[{"href":"https:\/\/i2w.com.br\/areinaldo\/wp-json\/wp\/v2\/pages"}],"about":[{"href":"https:\/\/i2w.com.br\/areinaldo\/wp-json\/wp\/v2\/types\/page"}],"author":[{"embeddable":true,"href":"https:\/\/i2w.com.br\/areinaldo\/wp-json\/wp\/v2\/users\/1"}],"replies":[{"embeddable":true,"href":"https:\/\/i2w.com.br\/areinaldo\/wp-json\/wp\/v2\/comments?post=52"}],"version-history":[{"count":13,"href":"https:\/\/i2w.com.br\/areinaldo\/wp-json\/wp\/v2\/pages\/52\/revisions"}],"predecessor-version":[{"id":682,"href":"https:\/\/i2w.com.br\/areinaldo\/wp-json\/wp\/v2\/pages\/52\/revisions\/682"}],"wp:featuredmedia":[{"embeddable":true,"href":"https:\/\/i2w.com.br\/areinaldo\/wp-json\/wp\/v2\/media\/673"}],"wp:attachment":[{"href":"https:\/\/i2w.com.br\/areinaldo\/wp-json\/wp\/v2\/media?parent=52"}],"curies":[{"name":"wp","href":"https:\/\/api.w.org\/{rel}","templated":true}]}}