{"id":520,"date":"2024-10-20T13:04:46","date_gmt":"2024-10-20T16:04:46","guid":{"rendered":"http:\/\/areinaldo.local\/?page_id=520"},"modified":"2024-10-22T06:07:26","modified_gmt":"2024-10-22T09:07:26","slug":"parceiros","status":"publish","type":"page","link":"https:\/\/i2w.com.br\/areinaldo\/parceiros\/","title":{"rendered":"Parceiros"},"content":{"rendered":"<p><strong>A A.REINALDO possui parceiros para oferecer outros servi\u00e7os, que incluem pr\u00e9-inspe\u00e7\u00e3o (no Brasil ou exterior), acompanhamento de vistoria das autoridades e gerenciamento dos respectivos processos:<\/strong><\/p>\n","protected":false},"excerpt":{"rendered":"<p>A A.REINALDO possui parceiros para oferecer outros servi\u00e7os, que incluem pr\u00e9-inspe\u00e7\u00e3o (no Brasil ou exterior), acompanhamento de vistoria das autoridades e gerenciamento dos respectivos processos:<\/p>\n","protected":false},"author":1,"featured_media":0,"parent":0,"menu_order":0,"comment_status":"closed","ping_status":"closed","template":"page-parceiros.php","meta":{"_acf_changed":false,"inline_featured_image":false,"footnotes":""},"class_list":["post-520","page","type-page","status-publish","hentry"],"acf":[],"_links":{"self":[{"href":"https:\/\/i2w.com.br\/areinaldo\/wp-json\/wp\/v2\/pages\/520","targetHints":{"allow":["GET"]}}],"collection":[{"href":"https:\/\/i2w.com.br\/areinaldo\/wp-json\/wp\/v2\/pages"}],"about":[{"href":"https:\/\/i2w.com.br\/areinaldo\/wp-json\/wp\/v2\/types\/page"}],"author":[{"embeddable":true,"href":"https:\/\/i2w.com.br\/areinaldo\/wp-json\/wp\/v2\/users\/1"}],"replies":[{"embeddable":true,"href":"https:\/\/i2w.com.br\/areinaldo\/wp-json\/wp\/v2\/comments?post=520"}],"version-history":[{"count":4,"href":"https:\/\/i2w.com.br\/areinaldo\/wp-json\/wp\/v2\/pages\/520\/revisions"}],"predecessor-version":[{"id":615,"href":"https:\/\/i2w.com.br\/areinaldo\/wp-json\/wp\/v2\/pages\/520\/revisions\/615"}],"wp:attachment":[{"href":"https:\/\/i2w.com.br\/areinaldo\/wp-json\/wp\/v2\/media?parent=520"}],"curies":[{"name":"wp","href":"https:\/\/api.w.org\/{rel}","templated":true}]}}