{"id":133,"date":"2022-11-17T01:09:57","date_gmt":"2022-11-16T22:09:57","guid":{"rendered":"http:\/\/i2w.com.br\/picorelli\/?page_id=133"},"modified":"2023-01-16T16:02:40","modified_gmt":"2023-01-16T13:02:40","slug":"servicos-online","status":"publish","type":"page","link":"https:\/\/i2w.com.br\/picorelli\/servicos-online\/","title":{"rendered":"Servi\u00e7os online"},"content":{"rendered":"<h2 style=\"text-align: center;\"><mark>Tecnologia e inova\u00e7\u00e3o<\/mark> para conectar<br \/>\nnossos servi\u00e7os \u00e0s suas demandas.<\/h2>\n","protected":false},"excerpt":{"rendered":"<p>Tecnologia e inova\u00e7\u00e3o para conectar nossos servi\u00e7os \u00e0s suas demandas.<\/p>\n","protected":false},"author":1,"featured_media":233,"parent":0,"menu_order":0,"comment_status":"closed","ping_status":"closed","template":"page-services.php","meta":{"footnotes":""},"class_list":["post-133","page","type-page","status-publish","has-post-thumbnail","hentry"],"acf":[],"_links":{"self":[{"href":"https:\/\/i2w.com.br\/picorelli\/wp-json\/wp\/v2\/pages\/133","targetHints":{"allow":["GET"]}}],"collection":[{"href":"https:\/\/i2w.com.br\/picorelli\/wp-json\/wp\/v2\/pages"}],"about":[{"href":"https:\/\/i2w.com.br\/picorelli\/wp-json\/wp\/v2\/types\/page"}],"author":[{"embeddable":true,"href":"https:\/\/i2w.com.br\/picorelli\/wp-json\/wp\/v2\/users\/1"}],"replies":[{"embeddable":true,"href":"https:\/\/i2w.com.br\/picorelli\/wp-json\/wp\/v2\/comments?post=133"}],"version-history":[{"count":9,"href":"https:\/\/i2w.com.br\/picorelli\/wp-json\/wp\/v2\/pages\/133\/revisions"}],"predecessor-version":[{"id":328,"href":"https:\/\/i2w.com.br\/picorelli\/wp-json\/wp\/v2\/pages\/133\/revisions\/328"}],"wp:featuredmedia":[{"embeddable":true,"href":"https:\/\/i2w.com.br\/picorelli\/wp-json\/wp\/v2\/media\/233"}],"wp:attachment":[{"href":"https:\/\/i2w.com.br\/picorelli\/wp-json\/wp\/v2\/media?parent=133"}],"curies":[{"name":"wp","href":"https:\/\/api.w.org\/{rel}","templated":true}]}}