{"id":197,"date":"2022-11-24T14:12:35","date_gmt":"2022-11-24T11:12:35","guid":{"rendered":"https:\/\/i2w.com.br\/picorelli\/?page_id=197"},"modified":"2022-12-02T17:11:54","modified_gmt":"2022-12-02T14:11:54","slug":"cotacao-online","status":"publish","type":"page","link":"https:\/\/i2w.com.br\/picorelli\/cotacao-online\/","title":{"rendered":"Cota\u00e7\u00e3o online"},"content":{"rendered":"<h2 style=\"text-align: center;\">Fa\u00e7a a cota\u00e7\u00e3o online da sua carga<br \/>\ne <mark>contrate o servi\u00e7o agora mesmo.<\/mark><\/h2>\n","protected":false},"excerpt":{"rendered":"<p>Fa\u00e7a a cota\u00e7\u00e3o online da sua carga e contrate o servi\u00e7o agora mesmo.<\/p>\n","protected":false},"author":1,"featured_media":220,"parent":0,"menu_order":0,"comment_status":"closed","ping_status":"closed","template":"page-quotation.php","meta":{"footnotes":""},"class_list":["post-197","page","type-page","status-publish","has-post-thumbnail","hentry"],"acf":[],"_links":{"self":[{"href":"https:\/\/i2w.com.br\/picorelli\/wp-json\/wp\/v2\/pages\/197","targetHints":{"allow":["GET"]}}],"collection":[{"href":"https:\/\/i2w.com.br\/picorelli\/wp-json\/wp\/v2\/pages"}],"about":[{"href":"https:\/\/i2w.com.br\/picorelli\/wp-json\/wp\/v2\/types\/page"}],"author":[{"embeddable":true,"href":"https:\/\/i2w.com.br\/picorelli\/wp-json\/wp\/v2\/users\/1"}],"replies":[{"embeddable":true,"href":"https:\/\/i2w.com.br\/picorelli\/wp-json\/wp\/v2\/comments?post=197"}],"version-history":[{"count":1,"href":"https:\/\/i2w.com.br\/picorelli\/wp-json\/wp\/v2\/pages\/197\/revisions"}],"predecessor-version":[{"id":198,"href":"https:\/\/i2w.com.br\/picorelli\/wp-json\/wp\/v2\/pages\/197\/revisions\/198"}],"wp:featuredmedia":[{"embeddable":true,"href":"https:\/\/i2w.com.br\/picorelli\/wp-json\/wp\/v2\/media\/220"}],"wp:attachment":[{"href":"https:\/\/i2w.com.br\/picorelli\/wp-json\/wp\/v2\/media?parent=197"}],"curies":[{"name":"wp","href":"https:\/\/api.w.org\/{rel}","templated":true}]}}