{"id":76,"date":"2022-11-16T21:37:07","date_gmt":"2022-11-16T18:37:07","guid":{"rendered":"http:\/\/i2w.com.br\/picorelli\/?page_id=76"},"modified":"2023-01-25T17:07:52","modified_gmt":"2023-01-25T14:07:52","slug":"sobre","status":"publish","type":"page","link":"https:\/\/i2w.com.br\/picorelli\/sobre\/","title":{"rendered":"Sobre"},"content":{"rendered":"<h2>H\u00e1 mais de 90 anos<br \/>\ntransportando com <mark>agilidade,<br \/>\nefici\u00eancia e seguran\u00e7a.<\/mark><\/h2>\n<p>&nbsp;<\/p>\n<p>H\u00e1 mais de 90 anos no ramo de transportes rodovi\u00e1rio de cargas, a Picorelli Transportes \u00e9 a primeira empresa do Brasil em atividade, com efici\u00eancia no atendimento de cargas fracionadas, entregas urgentes e carga lota\u00e7\u00e3o.<\/p>\n<p>&nbsp;<\/p>\n<p>Os servi\u00e7os personalizados de alta qualidade s\u00e3o refer\u00eancia em agilidade e seguran\u00e7a em MG, RJ, SP.<\/p>\n<p>&nbsp;<\/p>\n<p>A Picorelli transporta para toda a cadeia produtiva do setor Industrial, desde mat\u00e9rias primas at\u00e9 equipamentos, al\u00e9m de pequenos volumes para o com\u00e9rcio.<\/p>\n","protected":false},"excerpt":{"rendered":"<p>H\u00e1 mais de 90 anos transportando com agilidade, efici\u00eancia e seguran\u00e7a. &nbsp; H\u00e1 mais de 90 anos no ramo de [&hellip;]<\/p>\n","protected":false},"author":1,"featured_media":77,"parent":0,"menu_order":0,"comment_status":"closed","ping_status":"closed","template":"page-about.php","meta":{"footnotes":""},"class_list":["post-76","page","type-page","status-publish","has-post-thumbnail","hentry"],"acf":[],"_links":{"self":[{"href":"https:\/\/i2w.com.br\/picorelli\/wp-json\/wp\/v2\/pages\/76","targetHints":{"allow":["GET"]}}],"collection":[{"href":"https:\/\/i2w.com.br\/picorelli\/wp-json\/wp\/v2\/pages"}],"about":[{"href":"https:\/\/i2w.com.br\/picorelli\/wp-json\/wp\/v2\/types\/page"}],"author":[{"embeddable":true,"href":"https:\/\/i2w.com.br\/picorelli\/wp-json\/wp\/v2\/users\/1"}],"replies":[{"embeddable":true,"href":"https:\/\/i2w.com.br\/picorelli\/wp-json\/wp\/v2\/comments?post=76"}],"version-history":[{"count":16,"href":"https:\/\/i2w.com.br\/picorelli\/wp-json\/wp\/v2\/pages\/76\/revisions"}],"predecessor-version":[{"id":333,"href":"https:\/\/i2w.com.br\/picorelli\/wp-json\/wp\/v2\/pages\/76\/revisions\/333"}],"wp:featuredmedia":[{"embeddable":true,"href":"https:\/\/i2w.com.br\/picorelli\/wp-json\/wp\/v2\/media\/77"}],"wp:attachment":[{"href":"https:\/\/i2w.com.br\/picorelli\/wp-json\/wp\/v2\/media?parent=76"}],"curies":[{"name":"wp","href":"https:\/\/api.w.org\/{rel}","templated":true}]}}