{"id":95,"date":"2022-11-16T22:35:13","date_gmt":"2022-11-16T19:35:13","guid":{"rendered":"http:\/\/i2w.com.br\/picorelli\/?page_id=95"},"modified":"2022-12-22T16:39:35","modified_gmt":"2022-12-22T13:39:35","slug":"perfil-de-carga","status":"publish","type":"page","link":"https:\/\/i2w.com.br\/picorelli\/perfil-de-carga\/","title":{"rendered":"Perfil de carga"},"content":{"rendered":"<h2 style=\"text-align: center;\"><mark>Infraestrutura de ponta<\/mark> para atender<br \/>\n\u00e0s demandas do com\u00e9rcio e da ind\u00fastria.<\/h2>\n","protected":false},"excerpt":{"rendered":"<p>Infraestrutura de ponta para atender \u00e0s demandas do com\u00e9rcio e da ind\u00fastria.<\/p>\n","protected":false},"author":1,"featured_media":223,"parent":0,"menu_order":0,"comment_status":"closed","ping_status":"closed","template":"page-profile.php","meta":{"footnotes":""},"class_list":["post-95","page","type-page","status-publish","has-post-thumbnail","hentry"],"acf":[],"_links":{"self":[{"href":"https:\/\/i2w.com.br\/picorelli\/wp-json\/wp\/v2\/pages\/95","targetHints":{"allow":["GET"]}}],"collection":[{"href":"https:\/\/i2w.com.br\/picorelli\/wp-json\/wp\/v2\/pages"}],"about":[{"href":"https:\/\/i2w.com.br\/picorelli\/wp-json\/wp\/v2\/types\/page"}],"author":[{"embeddable":true,"href":"https:\/\/i2w.com.br\/picorelli\/wp-json\/wp\/v2\/users\/1"}],"replies":[{"embeddable":true,"href":"https:\/\/i2w.com.br\/picorelli\/wp-json\/wp\/v2\/comments?post=95"}],"version-history":[{"count":7,"href":"https:\/\/i2w.com.br\/picorelli\/wp-json\/wp\/v2\/pages\/95\/revisions"}],"predecessor-version":[{"id":290,"href":"https:\/\/i2w.com.br\/picorelli\/wp-json\/wp\/v2\/pages\/95\/revisions\/290"}],"wp:featuredmedia":[{"embeddable":true,"href":"https:\/\/i2w.com.br\/picorelli\/wp-json\/wp\/v2\/media\/223"}],"wp:attachment":[{"href":"https:\/\/i2w.com.br\/picorelli\/wp-json\/wp\/v2\/media?parent=95"}],"curies":[{"name":"wp","href":"https:\/\/api.w.org\/{rel}","templated":true}]}}