{"id":312,"date":"2024-08-28T11:46:15","date_gmt":"2024-08-28T14:46:15","guid":{"rendered":"http:\/\/santacasa.local\/?page_id=312"},"modified":"2024-11-13T14:59:05","modified_gmt":"2024-11-13T17:59:05","slug":"historia","status":"publish","type":"page","link":"https:\/\/i2w.com.br\/santacasa\/a-santa-casa\/historia\/","title":{"rendered":"Hist\u00f3ria"},"content":{"rendered":"\n<p>A Santa Casa de Miseric\u00f3rdia de Juiz de Fora foi fundada em 6 de agosto de 1854 pelo Bar\u00e3o da Bertioga, Jos\u00e9 Ant\u00f4nio da Silva Pinto, e por sua esposa, a Baronesa Maria Jos\u00e9 Miquelina da Silva. Sendo a terceira institui\u00e7\u00e3o mais antiga de Juiz de Fora, s\u00f3 ficando atr\u00e1s da funda\u00e7\u00e3o da Vila de Santo Ant\u00f4nio do Paraibuna, em 1850, e da instala\u00e7\u00e3o da C\u00e2mara Municipal, em 1853.<\/p>\n\n\n<div class=\"wp-block-image\">\n<figure class=\"aligncenter size-large is-resized\"><img loading=\"lazy\" decoding=\"async\" width=\"640\" height=\"380\" src=\"https:\/\/i2w.com.br\/santacasa\/wp-content\/uploads\/2024\/11\/foto-santa-casa-antiga-classica-640x380.webp\" alt=\"\" class=\"wp-image-671\" style=\"width:838px;height:auto\"\/><\/figure>\n<\/div>\n\n\n<p>As obras do segundo pr\u00e9dio da Santa Casa foram conclu\u00eddas em 2 de junho de 1898 sob a coordena\u00e7\u00e3o de Braz Bernardino, que havia assumido a Provedoria em 1897. No dia 11 de janeiro de 1898, chegaram \u00e0 cidade as Irm\u00e3s de Santa Catarina contratadas por Braz Bernardino para a administra\u00e7\u00e3o interna da Santa Casa.<\/p>\n\n\n\n<p>Com os esfor\u00e7os de Braz Bernardino, do Dr. Hermenegildo Villa\u00e7a e do Dr. Edgard Quinet, entre outros, o hospital desenvolveu-se, ampliou as suas acomoda\u00e7\u00f5es, modernizou seus servi\u00e7os, muniu-se de materiais e aparelhamento perfeitos, estendeu seu raio de atua\u00e7\u00e3o e colocou-se em situa\u00e7\u00e3o de poder alargar seu programa de benef\u00edcios.<\/p>\n\n\n\n<p><strong>Em 1903,<\/strong> foi constru\u00eddo o jardim na frente do hospital, com planta fornecida pelo engenheiro Jo\u00e3o Lustosa. Em 1911, a Santa Casa contava com v\u00e1rios pavilh\u00f5es e, neste ano, foi constru\u00edda uma nova sala de opera\u00e7\u00f5es.<\/p>\n\n\n\n<p><strong>Em 1913<\/strong>, foi constru\u00edda mais uma enfermaria (atr\u00e1s da Capela), pois o n\u00famero de enfermos duplicara. Com o passar dos anos e a amplia\u00e7\u00e3o dos servi\u00e7os, a constru\u00e7\u00e3o de um novo edif\u00edcio tornou-se inevit\u00e1vel.<\/p>\n\n\n\n<p><strong>Em julho de 1942, <\/strong>na gest\u00e3o do Provedor Alberto Andr\u00e9s, foram assinados os desenhos originais do atual pr\u00e9dio da Santa Casa, mas o lan\u00e7amento da pedra fundamental s\u00f3 ocorreria em 28 de janeiro de 1948. A data foi escolhida por ser o dia de nascimento de Jo\u00e3o Nogueira Penido Filho, que doou grande parte de sua fortuna para a constru\u00e7\u00e3o.<\/p>\n\n\n\n<p>Se, <strong>no in\u00edcio do s\u00e9culo XIX, <\/strong>a Santa Casa realizou 188 cirurgias, atualmente, o hospital realiza cerca de 29 mil cirurgias por ano. N\u00e3o \u00e9 \u00e0 toa que, ao aliar tradi\u00e7\u00e3o, filantropia, moderniza\u00e7\u00e3o permanente e qualidade no atendimento ao longo de sua trajet\u00f3ria, a Santa Casa tornou-se o maior hospital da Zona da Mata mineira.<\/p>\n\n\n\n<div class=\"wp-block-columns is-layout-flex wp-container-core-columns-is-layout-9d6595d7 wp-block-columns-is-layout-flex\">\n<div class=\"wp-block-column is-layout-flow wp-block-column-is-layout-flow\"><\/div>\n\n\n\n<div class=\"wp-block-column is-layout-flow wp-block-column-is-layout-flow\"><\/div>\n<\/div>\n\n\n\n<div class=\"wp-block-columns is-layout-flex wp-container-core-columns-is-layout-9d6595d7 wp-block-columns-is-layout-flex\">\n<div class=\"wp-block-column is-layout-flow wp-block-column-is-layout-flow\"><\/div>\n\n\n\n<div class=\"wp-block-column is-layout-flow wp-block-column-is-layout-flow\"><\/div>\n<\/div>\n\n\n\n<p><\/p>\n","protected":false},"excerpt":{"rendered":"<p>A Santa Casa de Miseric\u00f3rdia de Juiz de Fora foi fundada em 6 de agosto de 1854 pelo Bar\u00e3o da Bertioga, Jos\u00e9 Ant\u00f4nio da Silva Pinto, e por sua esposa, a Baronesa Maria Jos\u00e9 Miquelina da Silva. [&hellip;]<\/p>\n","protected":false},"author":1,"featured_media":225,"parent":321,"menu_order":0,"comment_status":"closed","ping_status":"closed","template":"page-historia.php","meta":{"_acf_changed":false,"inline_featured_image":false,"footnotes":""},"class_list":["post-312","page","type-page","status-publish","has-post-thumbnail","hentry"],"acf":[],"_links":{"self":[{"href":"https:\/\/i2w.com.br\/santacasa\/wp-json\/wp\/v2\/pages\/312","targetHints":{"allow":["GET"]}}],"collection":[{"href":"https:\/\/i2w.com.br\/santacasa\/wp-json\/wp\/v2\/pages"}],"about":[{"href":"https:\/\/i2w.com.br\/santacasa\/wp-json\/wp\/v2\/types\/page"}],"author":[{"embeddable":true,"href":"https:\/\/i2w.com.br\/santacasa\/wp-json\/wp\/v2\/users\/1"}],"replies":[{"embeddable":true,"href":"https:\/\/i2w.com.br\/santacasa\/wp-json\/wp\/v2\/comments?post=312"}],"version-history":[{"count":0,"href":"https:\/\/i2w.com.br\/santacasa\/wp-json\/wp\/v2\/pages\/312\/revisions"}],"up":[{"embeddable":true,"href":"https:\/\/i2w.com.br\/santacasa\/wp-json\/wp\/v2\/pages\/321"}],"wp:featuredmedia":[{"embeddable":true,"href":"https:\/\/i2w.com.br\/santacasa\/wp-json\/wp\/v2\/media\/225"}],"wp:attachment":[{"href":"https:\/\/i2w.com.br\/santacasa\/wp-json\/wp\/v2\/media?parent=312"}],"curies":[{"name":"wp","href":"https:\/\/api.w.org\/{rel}","templated":true}]}}