{"id":316,"date":"2024-08-28T11:48:44","date_gmt":"2024-08-28T14:48:44","guid":{"rendered":"http:\/\/santacasa.local\/?page_id=316"},"modified":"2024-09-04T06:29:08","modified_gmt":"2024-09-04T09:29:08","slug":"ideologia-institucional","status":"publish","type":"page","link":"https:\/\/i2w.com.br\/santacasa\/a-santa-casa\/ideologia-institucional\/","title":{"rendered":"Ideologia Institucional"},"content":{"rendered":"\n<p><strong>Planejamento Estrat\u00e9gico 2022\/2025<\/strong><\/p>\n\n\n\n<p><strong>MISS\u00c3O:<\/strong>\u00a0Proporcionar a todos os grupos sociais, a\u00e7\u00f5es de sa\u00fade e bem-estar de forma humanizada e agindo como miseric\u00f3rdia.<\/p>\n\n\n\n<p><strong>VIS\u00c3O:&nbsp;<\/strong>Assegurar a posi\u00e7\u00e3o no mercado regional com excel\u00eancia em servi\u00e7os de sa\u00fade.<\/p>\n\n\n\n<p><strong>VALORES:<\/strong><em><br><\/em>&#8211; Preven\u00e7\u00e3o,<br>&#8211; Promo\u00e7\u00e3o e tratamento da sa\u00fade.<br>&#8211; \u00c9tico;<br>&#8211; Humaniza\u00e7\u00e3o;<br>&#8211; Responsabilidade socioambiental;<br>&#8211; Tecnologia<br>&#8211; Hist\u00f3ria;<br>&#8211; Capital Humano;<br>&#8211; Miseric\u00f3rdia;<br>&#8211; Credibilidade<br>&#8211; Ensino e pesquisa.<\/p>\n\n\n\n<p><strong>Pol\u00edtica de Qualidade:<\/strong>\u00a0Atender \u00e0s necessidades e expectativas dos clientes preservando e valorizando a vida e o meio ambiente, atrav\u00e9s de um processo cont\u00ednuo de aperfei\u00e7oamento humano, t\u00e9cnico baseado no conhecimento, na tecnologia e na humaniza\u00e7\u00e3o.<\/p>\n","protected":false},"excerpt":{"rendered":"<p>Planejamento Estrat\u00e9gico 2022\/2025 MISS\u00c3O:\u00a0Proporcionar a todos os grupos sociais, a\u00e7\u00f5es de sa\u00fade e bem-estar de forma humanizada e agindo como miseric\u00f3rdia. VIS\u00c3O:&nbsp;Assegurar a posi\u00e7\u00e3o no mercado regional com excel\u00eancia em servi\u00e7os de sa\u00fade. VALORES:&#8211; Preven\u00e7\u00e3o,&#8211; Promo\u00e7\u00e3o e [&hellip;]<\/p>\n","protected":false},"author":1,"featured_media":225,"parent":321,"menu_order":0,"comment_status":"closed","ping_status":"closed","template":"","meta":{"_acf_changed":false,"inline_featured_image":false,"footnotes":""},"class_list":["post-316","page","type-page","status-publish","has-post-thumbnail","hentry"],"acf":[],"_links":{"self":[{"href":"https:\/\/i2w.com.br\/santacasa\/wp-json\/wp\/v2\/pages\/316","targetHints":{"allow":["GET"]}}],"collection":[{"href":"https:\/\/i2w.com.br\/santacasa\/wp-json\/wp\/v2\/pages"}],"about":[{"href":"https:\/\/i2w.com.br\/santacasa\/wp-json\/wp\/v2\/types\/page"}],"author":[{"embeddable":true,"href":"https:\/\/i2w.com.br\/santacasa\/wp-json\/wp\/v2\/users\/1"}],"replies":[{"embeddable":true,"href":"https:\/\/i2w.com.br\/santacasa\/wp-json\/wp\/v2\/comments?post=316"}],"version-history":[{"count":0,"href":"https:\/\/i2w.com.br\/santacasa\/wp-json\/wp\/v2\/pages\/316\/revisions"}],"up":[{"embeddable":true,"href":"https:\/\/i2w.com.br\/santacasa\/wp-json\/wp\/v2\/pages\/321"}],"wp:featuredmedia":[{"embeddable":true,"href":"https:\/\/i2w.com.br\/santacasa\/wp-json\/wp\/v2\/media\/225"}],"wp:attachment":[{"href":"https:\/\/i2w.com.br\/santacasa\/wp-json\/wp\/v2\/media?parent=316"}],"curies":[{"name":"wp","href":"https:\/\/api.w.org\/{rel}","templated":true}]}}