{"id":319,"date":"2024-08-28T11:49:34","date_gmt":"2024-08-28T14:49:34","guid":{"rendered":"http:\/\/santacasa.local\/?page_id=319"},"modified":"2024-08-29T05:55:45","modified_gmt":"2024-08-29T08:55:45","slug":"funeraria","status":"publish","type":"page","link":"https:\/\/i2w.com.br\/santacasa\/a-santa-casa\/funeraria\/","title":{"rendered":"Funer\u00e1ria"},"content":{"rendered":"\n<p>A&nbsp;<strong>Funer\u00e1ria Santa Casa de Juiz de Fora<\/strong>&nbsp;foi institu\u00edda em 6 de agosto de 1985 e presta uma variada gama de servi\u00e7os, sempre com o objetivo de facilitar os procedimentos das fam\u00edlias num momento t\u00e3o dif\u00edcil. Hoje, a funer\u00e1ria est\u00e1 sediada no cemit\u00e9rio Parque da Saudade e mant\u00e9m uma sala no Hospital, ao lado da Capela de Nosso Senhor dos Passos, atendendo \u00e0 popula\u00e7\u00e3o de Juiz de Fora e regi\u00e3o 24 horas.<br><br><strong>Telefones para contato:<\/strong><br>(32)3229-2205<br>(32)3215-4846<br>(32)99977-3625.<\/p>\n\n\n\n<h3 class=\"wp-block-heading\">Principais servi\u00e7os:<\/h3>\n\n\n\n<ul class=\"wp-block-list\">\n<li>Translado municipal e intermunicipal;<\/li>\n\n\n\n<li>Venda de servi\u00e7os funer\u00e1rios (urna, livro de presen\u00e7a, v\u00e9u, velas, etc);<\/li>\n\n\n\n<li>Ornamenta\u00e7\u00e3o de urnas e coroas de flores;<\/li>\n\n\n\n<li>Libera\u00e7\u00e3o de documentos para emiss\u00e3o da Certid\u00e3o de \u00d3bito;<\/li>\n\n\n\n<li>Agendamento de capela para vel\u00f3rios e hor\u00e1rios de sepultamentos nos cemit\u00e9rios Municipal e Parque da Saudade.<\/li>\n\n\n\n<li>Prepara\u00e7\u00e3o de corpos, inclusive embalsamamento.<\/li>\n<\/ul>\n","protected":false},"excerpt":{"rendered":"<p>A&nbsp;Funer\u00e1ria Santa Casa de Juiz de Fora&nbsp;foi institu\u00edda em 6 de agosto de 1985 e presta uma variada gama de servi\u00e7os, sempre com o objetivo de facilitar os procedimentos das fam\u00edlias num momento t\u00e3o dif\u00edcil. Hoje, a [&hellip;]<\/p>\n","protected":false},"author":1,"featured_media":225,"parent":321,"menu_order":0,"comment_status":"closed","ping_status":"closed","template":"","meta":{"_acf_changed":false,"inline_featured_image":false,"footnotes":""},"class_list":["post-319","page","type-page","status-publish","has-post-thumbnail","hentry"],"acf":[],"_links":{"self":[{"href":"https:\/\/i2w.com.br\/santacasa\/wp-json\/wp\/v2\/pages\/319","targetHints":{"allow":["GET"]}}],"collection":[{"href":"https:\/\/i2w.com.br\/santacasa\/wp-json\/wp\/v2\/pages"}],"about":[{"href":"https:\/\/i2w.com.br\/santacasa\/wp-json\/wp\/v2\/types\/page"}],"author":[{"embeddable":true,"href":"https:\/\/i2w.com.br\/santacasa\/wp-json\/wp\/v2\/users\/1"}],"replies":[{"embeddable":true,"href":"https:\/\/i2w.com.br\/santacasa\/wp-json\/wp\/v2\/comments?post=319"}],"version-history":[{"count":0,"href":"https:\/\/i2w.com.br\/santacasa\/wp-json\/wp\/v2\/pages\/319\/revisions"}],"up":[{"embeddable":true,"href":"https:\/\/i2w.com.br\/santacasa\/wp-json\/wp\/v2\/pages\/321"}],"wp:featuredmedia":[{"embeddable":true,"href":"https:\/\/i2w.com.br\/santacasa\/wp-json\/wp\/v2\/media\/225"}],"wp:attachment":[{"href":"https:\/\/i2w.com.br\/santacasa\/wp-json\/wp\/v2\/media?parent=319"}],"curies":[{"name":"wp","href":"https:\/\/api.w.org\/{rel}","templated":true}]}}