{"id":324,"date":"2024-08-28T11:51:21","date_gmt":"2024-08-28T14:51:21","guid":{"rendered":"http:\/\/santacasa.local\/?page_id=324"},"modified":"2024-09-10T12:32:19","modified_gmt":"2024-09-10T15:32:19","slug":"internacoes","status":"publish","type":"page","link":"https:\/\/i2w.com.br\/santacasa\/informacoes-e-servicos\/internacoes\/","title":{"rendered":"Interna\u00e7\u00f5es"},"content":{"rendered":"\n<h3 class=\"wp-block-heading\">Conv\u00eanios e Particular<\/h3>\n\n\n\n<ul class=\"wp-block-list\">\n<li>Verifique, previamente, junto ao conv\u00eanio, a autoriza\u00e7\u00e3o do procedimento e materiais especiais a serem utilizados, confirmando a cobertura e car\u00eancia de seu plano;<\/li>\n\n\n\n<li>Nos casos de urg\u00eancia \/ emerg\u00eancia o pedido de interna\u00e7\u00e3o ser\u00e1 gerado no Servi\u00e7o de Urg\u00eancias Especializadas. Sempre que poss\u00edvel, traga seu documento de identifica\u00e7\u00e3o e carteira do conv\u00eanio e demais comprovantes exigidos pelo seu plano, ao qual seja associado;<\/li>\n\n\n\n<li>No ato da interna\u00e7\u00e3o, apresente documento de identidade, CPF, carteira do conv\u00eanio e guia de interna\u00e7\u00e3o; <\/li>\n\n\n\n<li>Para menores de idade, apresentar a certid\u00e3o de nascimento e estar acompanhado de um respons\u00e1vel. O respons\u00e1vel dever\u00e1 apresentar o seu documento de identidade e seu CPF, al\u00e9m de carteira do conv\u00eanio e guia de interna\u00e7\u00e3o do menor;<\/li>\n\n\n\n<li>No caso de interna\u00e7\u00e3o particular, certifique-se dos valores praticados pelo hospital e das disponibilidades de procedimento pela op\u00e7\u00e3o \u201cPacote Cir\u00fargico\u201d. Verifique as formas de pagamento e prazos estipulados;<\/li>\n\n\n\n<li>Oferecemos servi\u00e7o de Telefonia e Televis\u00e3o cobrados \u00e0 parte. Se informe no ato da interna\u00e7\u00e3o.<\/li>\n<\/ul>\n\n\n\n<h3 class=\"wp-block-heading\">SUS<\/h3>\n\n\n\n<ul class=\"wp-block-list\">\n<li>No ato da interna\u00e7\u00e3o, apresente documento de identidade, CPF, CNS (Cart\u00e3o Nacional de Sa\u00fade);<\/li>\n\n\n\n<li>Em casos de gestante, apresente tamb\u00e9m, o cart\u00e3o de controle do Pr\u00e9-natal;<\/li>\n\n\n\n<li>Para menores de idade, apresentar a certid\u00e3o de nascimento e estar acompanhado de um respons\u00e1vel. O respons\u00e1vel dever\u00e1 apresentar o seu documento de identidade e seu CPF.<\/li>\n<\/ul>\n\n\n\n<h3 class=\"wp-block-heading\">Em todos os casos<\/h3>\n\n\n\n<ul class=\"wp-block-list\">\n<li>Ser\u00e1 solicitada a assinatura em Contrato de Presta\u00e7\u00e3o de Servi\u00e7os juntamente com o anexo \u201cNormas Internas\u201d. Pedimos a gentileza de respeitar as normas descritas para que a estadia do paciente seja a mais tranquila poss\u00edvel;<\/li>\n\n\n\n<li>O paciente dever\u00e1 trazer apenas objetos de uso pessoal necess\u00e1rios para a sua perman\u00eancia no hospital. Evite usar acess\u00f3rios (bijuterias ou j\u00f3ias), rel\u00f3gios e correntes;<\/li>\n\n\n\n<li>O hospital n\u00e3o se responsabiliza pela guarda \/ extravio de objetos pessoais e valores de pacientes e acompanhantes \/ visitantes.<\/li>\n<\/ul>\n\n\n\n<p>Para maiores informa\u00e7\u00f5es relacionadas ao processo de interna\u00e7\u00e3o, disponibilizamos nosso contatos:<\/p>\n\n\n\n<ul class=\"wp-block-list\">\n<li>Conv\u00eanios: (32) 3229 2494<\/li>\n\n\n\n<li>Particular: (32) 3229 2288<\/li>\n\n\n\n<li>Setor de Guias: (32) 3229 2830<\/li>\n\n\n\n<li><a href=\"mailto:internacao@santacasajf.org.br\" target=\"_blank\" rel=\"noreferrer noopener\">internacao@santacasajf.org.br<\/a><\/li>\n<\/ul>\n\n\n\n<h3 class=\"wp-block-heading\">REGRAS DE VESTIMENTA<\/h3>\n\n\n\n<p><strong>&#8211; N\u00e3o \u00e9 permitida a entrada nas depend\u00eancias do Hospital usando:<\/strong><br>Minissaia, vestidos e bermudas curtas (acima do meio da coxa), camisas sem mangas, roupas<br>decotadas e\/ou transparentes, sapatos abertos, chinelos, bon\u00e9, chap\u00e9u ou capacete.<\/p>\n\n\n\n<p><strong>&#8211; \u00c9 proibida a entrada nas unidades fechadas (CTI\u2019s e Unidade Coronariana) portando:<\/strong><\/p>\n\n\n\n<ul class=\"wp-block-list\">\n<li>Adornos (brincos, pulseiras, cord\u00f5es, rel\u00f3gios e afins);<\/li>\n\n\n\n<li>Bolsas de qualquer tipo;<\/li>\n\n\n\n<li>Chinelos, sand\u00e1lias ou sapatos abertos;<\/li>\n\n\n\n<li>Bon\u00e9s, capacete.<\/li>\n<\/ul>\n\n\n\n<p><\/p>\n\n\n\n<h2 class=\"wp-block-heading\">Maternidade<\/h2>\n\n\n\n<p><\/p>\n\n\n\n<p class=\"has-medium-font-size\"><a href=\"https:\/\/santacasajf.org.br\/pdf\/Folder%20Orienta%C3%A7%C3%B5es%20Gestante%20Enxoval%20-%20Whatsapp.red.pdf\"><strong><mark style=\"background-color:rgba(0, 0, 0, 0)\" class=\"has-inline-color has-vivid-red-color\">Clique aqui para obter orienta\u00e7\u00f5es de enxovais para gestantes<\/mark><\/strong><\/a><\/p>\n\n\n\n<p><\/p>\n","protected":false},"excerpt":{"rendered":"<p>Conv\u00eanios e Particular SUS Em todos os casos Para maiores informa\u00e7\u00f5es relacionadas ao processo de interna\u00e7\u00e3o, disponibilizamos nosso contatos: REGRAS DE VESTIMENTA &#8211; N\u00e3o \u00e9 permitida a entrada nas depend\u00eancias do Hospital usando:Minissaia, vestidos e bermudas curtas [&hellip;]<\/p>\n","protected":false},"author":1,"featured_media":221,"parent":322,"menu_order":0,"comment_status":"closed","ping_status":"closed","template":"","meta":{"_acf_changed":false,"inline_featured_image":false,"footnotes":""},"class_list":["post-324","page","type-page","status-publish","has-post-thumbnail","hentry"],"acf":[],"_links":{"self":[{"href":"https:\/\/i2w.com.br\/santacasa\/wp-json\/wp\/v2\/pages\/324","targetHints":{"allow":["GET"]}}],"collection":[{"href":"https:\/\/i2w.com.br\/santacasa\/wp-json\/wp\/v2\/pages"}],"about":[{"href":"https:\/\/i2w.com.br\/santacasa\/wp-json\/wp\/v2\/types\/page"}],"author":[{"embeddable":true,"href":"https:\/\/i2w.com.br\/santacasa\/wp-json\/wp\/v2\/users\/1"}],"replies":[{"embeddable":true,"href":"https:\/\/i2w.com.br\/santacasa\/wp-json\/wp\/v2\/comments?post=324"}],"version-history":[{"count":0,"href":"https:\/\/i2w.com.br\/santacasa\/wp-json\/wp\/v2\/pages\/324\/revisions"}],"up":[{"embeddable":true,"href":"https:\/\/i2w.com.br\/santacasa\/wp-json\/wp\/v2\/pages\/322"}],"wp:featuredmedia":[{"embeddable":true,"href":"https:\/\/i2w.com.br\/santacasa\/wp-json\/wp\/v2\/media\/221"}],"wp:attachment":[{"href":"https:\/\/i2w.com.br\/santacasa\/wp-json\/wp\/v2\/media?parent=324"}],"curies":[{"name":"wp","href":"https:\/\/api.w.org\/{rel}","templated":true}]}}