{"id":326,"date":"2024-08-28T11:51:47","date_gmt":"2024-08-28T14:51:47","guid":{"rendered":"http:\/\/santacasa.local\/?page_id=326"},"modified":"2024-12-12T15:37:14","modified_gmt":"2024-12-12T18:37:14","slug":"convenios","status":"publish","type":"page","link":"https:\/\/i2w.com.br\/santacasa\/informacoes-e-servicos\/convenios\/","title":{"rendered":"Conv\u00eanios"},"content":{"rendered":"\n<p>A Santa Casa de Juiz de Fora mant\u00e9m conv\u00eanio com v\u00e1rias operadoras de sa\u00fade. Veja abaixo quais s\u00e3o elas.<\/p>\n\n\n\n<p>A cobertura oferecida por cada um deve ser checada com o seu conv\u00eanio\/plano de sa\u00fade.<\/p>\n\n\n\n<ul class=\"wp-block-list\">\n<li>ALLIANZ SAUDE<\/li>\n\n\n\n<li>AERON\u00c1UTICA<\/li>\n\n\n\n<li>AMAGIS SA\u00daDE<\/li>\n\n\n\n<li>AME<\/li>\n\n\n\n<li>AMIL<\/li>\n\n\n\n<li>AMMP<\/li>\n\n\n\n<li>AFAPBB<\/li>\n\n\n\n<li>CAPITANIA FLUVIAL DE MINAS GERAIS<\/li>\n\n\n\n<li>ASSEFAZ<\/li>\n\n\n\n<li>CAIXA ECONOMICA<\/li>\n\n\n\n<li>CASEMBRAPA<\/li>\n\n\n\n<li>CASSI<\/li>\n\n\n\n<li>CEMIG SAUDE<\/li>\n\n\n\n<li>COPASA\/COPASS<\/li>\n\n\n\n<li>FSFX &#8211; USIMINAS &#8211; USISAUDE<\/li>\n\n\n\n<li>FUNDA\u00c7AO SAUDE ITAU<\/li>\n\n\n\n<li>FUNDAFFEMG<\/li>\n\n\n\n<li>HOSPITAL GERAL &#8211; FUSEX<\/li>\n\n\n\n<li>LIFE EMPRESARIAL<\/li>\n\n\n\n<li>MEDISERVICE<\/li>\n\n\n\n<li>PLANCEL (CESAR LEITE)<\/li>\n\n\n\n<li>PLASC<\/li>\n\n\n\n<li>POSTAL SAUDE<\/li>\n\n\n\n<li>PROASA<\/li>\n\n\n\n<li>SAUDE BRADESCO<\/li>\n\n\n\n<li>BRADESCO OPERADORA DE PLANOS<\/li>\n\n\n\n<li>SAUDE SERVIDOR<\/li>\n\n\n\n<li>TRANSEGUROS<\/li>\n\n\n\n<li>TRAVEL ACE INTERNACIONAL<\/li>\n\n\n\n<li>AMAP TELOS<\/li>\n\n\n\n<li>SULAMERICA COMPANHIA DE SEGURO SA\u00daDE<\/li>\n\n\n\n<li>SULAMERICA SERVI\u00c7OS SA\u00daDE<\/li>\n\n\n\n<li>SULAMERICA SEGURADORA SA\u00daDE<\/li>\n<\/ul>\n\n\n\n<p><\/p>\n","protected":false},"excerpt":{"rendered":"<p>A Santa Casa de Juiz de Fora mant\u00e9m conv\u00eanio com v\u00e1rias operadoras de sa\u00fade. Veja abaixo quais s\u00e3o elas. A cobertura oferecida por cada um deve ser checada com o seu conv\u00eanio\/plano de sa\u00fade.<\/p>\n","protected":false},"author":1,"featured_media":676,"parent":322,"menu_order":0,"comment_status":"closed","ping_status":"closed","template":"","meta":{"_acf_changed":false,"inline_featured_image":false,"footnotes":""},"class_list":["post-326","page","type-page","status-publish","has-post-thumbnail","hentry"],"acf":[],"_links":{"self":[{"href":"https:\/\/i2w.com.br\/santacasa\/wp-json\/wp\/v2\/pages\/326","targetHints":{"allow":["GET"]}}],"collection":[{"href":"https:\/\/i2w.com.br\/santacasa\/wp-json\/wp\/v2\/pages"}],"about":[{"href":"https:\/\/i2w.com.br\/santacasa\/wp-json\/wp\/v2\/types\/page"}],"author":[{"embeddable":true,"href":"https:\/\/i2w.com.br\/santacasa\/wp-json\/wp\/v2\/users\/1"}],"replies":[{"embeddable":true,"href":"https:\/\/i2w.com.br\/santacasa\/wp-json\/wp\/v2\/comments?post=326"}],"version-history":[{"count":0,"href":"https:\/\/i2w.com.br\/santacasa\/wp-json\/wp\/v2\/pages\/326\/revisions"}],"up":[{"embeddable":true,"href":"https:\/\/i2w.com.br\/santacasa\/wp-json\/wp\/v2\/pages\/322"}],"wp:featuredmedia":[{"embeddable":true,"href":"https:\/\/i2w.com.br\/santacasa\/wp-json\/wp\/v2\/media\/676"}],"wp:attachment":[{"href":"https:\/\/i2w.com.br\/santacasa\/wp-json\/wp\/v2\/media?parent=326"}],"curies":[{"name":"wp","href":"https:\/\/api.w.org\/{rel}","templated":true}]}}