{"id":332,"date":"2024-08-28T11:53:43","date_gmt":"2024-08-28T14:53:43","guid":{"rendered":"http:\/\/santacasa.local\/?page_id=332"},"modified":"2024-09-04T06:38:59","modified_gmt":"2024-09-04T09:38:59","slug":"direcao-de-ensino","status":"publish","type":"page","link":"https:\/\/i2w.com.br\/santacasa\/ensino\/direcao-de-ensino\/","title":{"rendered":"Dire\u00e7\u00e3o de Ensino"},"content":{"rendered":"\n<p><strong>1. A DIRE\u00c7\u00c3O DE ENSINO DA SANTA CASA DE MISERIC\u00d3RDIA DE JUIZ DE FORA,<\/strong>&nbsp;subordinada diretamente \u00e0 Presid\u00eancia do Conselho de Administra\u00e7\u00e3o, \u00e9 um setor de aprendizagem que congrega profissionais de diferentes \u00e1reas da sa\u00fade com o objetivo de planejar, desenvolver e avaliar os resultados de atividades t\u00e9cnico-cient\u00edficas de ensino, pesquisa e extens\u00e3o, visando o conhecimento e melhor qualifica\u00e7\u00e3o dos colaboradores internos da Institui\u00e7\u00e3o.<\/p>\n\n\n\n<p>A Dire\u00e7\u00e3o de Ensino \u00e9 chefiada por:<\/p>\n\n\n\n<ul class=\"wp-block-list\">\n<li>Diretor de Ensino: Dr. \u00c1ureo de Almeida Delgado<\/li>\n\n\n\n<li>Vice-Diretor de Ensino: Dr. Gl\u00e1ucio Mendes Franco<\/li>\n<\/ul>\n\n\n\n<p>Os Cargos de Diretor e Vice-Diretor de Ensino s\u00e3o de livre escolhas e nomea\u00e7\u00e3o do Presidente do Conselho de Administra\u00e7\u00e3o.<\/p>\n\n\n\n<p>Est\u00e3o vinculados \u00e0 Dire\u00e7\u00e3o de Ensino os setores:<\/p>\n\n\n\n<ol class=\"wp-block-list\">\n<li>Comiss\u00e3o de Resid\u00eancia M\u00e9dica (COREME);<\/li>\n\n\n\n<li>Coordena\u00e7\u00e3o de Resid\u00eancias M\u00e9dicas;<\/li>\n\n\n\n<li>Escola de Enfermagem;<\/li>\n\n\n\n<li>Centro de Epidemiologia, Estat\u00edstica e Pesquisa (CEEP);<\/li>\n\n\n\n<li>Cursos de P\u00f3s-Gradua\u00e7\u00e3o \u201cLato Sensu\u201d;<\/li>\n\n\n\n<li>Coordena\u00e7\u00f5es Setoriais;<\/li>\n\n\n\n<li>Biblioteca da Santa Casa de Miseric\u00f3rdia de Juiz de Fora.<\/li>\n<\/ol>\n\n\n\n<p>S\u00e3o compet\u00eancias da Dire\u00e7\u00e3o de Ensino:<\/p>\n\n\n\n<ol class=\"wp-block-list\">\n<li>Planejar, incentivar, promover e divulgar a realiza\u00e7\u00e3o de trabalhos cient\u00edficos;<\/li>\n\n\n\n<li>Pleitear a concess\u00e3o de est\u00e1gios em \u00e1reas espec\u00edficas da sa\u00fade;<\/li>\n\n\n\n<li>Promover e supervisionar reuni\u00f5es cient\u00edficas (Jornadas M\u00e9dicas), Cursos de Especializa\u00e7\u00e3o \u201cLato Sensu\u201d e de Extens\u00e3o, no \u00e2mbito da SCMJF;<\/li>\n\n\n\n<li>Participar das atividades do planejamento e execu\u00e7\u00e3o cient\u00edfica da COREME e dos Internatos;<\/li>\n\n\n\n<li>Coordenar est\u00e1gios curriculares e extracurriculares;<\/li>\n\n\n\n<li>Incentivar, coordenar e supervisionar o desenvolvimento de projetos de extens\u00e3o que visem a melhoraria da qualidade dos servi\u00e7os prestados pela da SCMJF;<\/li>\n\n\n\n<li>Proporcionar meios de estudos atrav\u00e9s de acervo atualizado, revistas cient\u00edficas e bibliotecas virtuais na \u00e1rea da sa\u00fade.<\/li>\n<\/ol>\n\n\n\n<p>As compet\u00eancias s\u00e3o exercidas, incentivadas e promovidas pelo Diretor de Ensino e na sua falta pelo Vice-Diretor.<\/p>\n\n\n\n<h3 class=\"wp-block-heading\">2. SETORES VINCULADOS \u00c1 DIRE\u00c7\u00c3O DE ENSINO.<\/h3>\n\n\n\n<p><strong>2.1 COMISS\u00c3O DE RESID\u00caNCIA M\u00c9DICA (COREME)<br><\/strong>A Comiss\u00e3o de Resid\u00eancia M\u00e9dica \u2013 COREME, da Santa Casa de Miseric\u00f3rdia de Juiz de Fora, \u00e9 uma inst\u00e2ncia auxiliar da Comiss\u00e3o Nacional de Resid\u00eancia M\u00e9dica &#8211; CNRM e da Comiss\u00e3o Estadual de Resid\u00eancia M\u00e9dica &#8211; CEREM, estabelecida em institui\u00e7\u00e3o de sa\u00fade que oferece programa de resid\u00eancia m\u00e9dica, para planejar, coordenar, supervisionar e avaliar os programas de resid\u00eancia m\u00e9dica da institui\u00e7\u00e3o e os processos seletivos relacionados, nos termos do Decreto n\u00ba 7.562, de 15 de setembro de 2011. A COREME \u00e9 o \u00f3rg\u00e3o respons\u00e1vel pela emiss\u00e3o dos certificados de conclus\u00e3o de programa dos M\u00e9dicos Residentes, tendo por base o registro no sistema de informa\u00e7\u00e3o da CNRM. A COREME da Santa Casa de Miseric\u00f3rdia de Juiz de Fora \u00e9 um \u00f3rg\u00e3o colegiado constitu\u00eddo por:<\/p>\n\n\n\n<ol class=\"wp-block-list\">\n<li>um Coordenador e um Vice-Coordenador;<\/li>\n\n\n\n<li>um representante do Corpo Docente\/Supervisor, por programa de resid\u00eancia m\u00e9dica credenciado junto \u00e0 Comiss\u00e3o Nacional de Resid\u00eancia M\u00e9dica &#8211; CNRM;<\/li>\n\n\n\n<li>um representante do Conselho de Administra\u00e7\u00e3o da SCMJF e<\/li>\n\n\n\n<li>um representante dos m\u00e9dicos residentes por programa de resid\u00eancia m\u00e9dica.<\/li>\n<\/ol>\n\n\n\n<p>Atualmente o Coordenador da COREME \u00e9 o Dr. Renato Villela Loures e o Vice-Coordenador \u00e9 o Dr. C\u00edcero de Lima Rena.<\/p>\n\n\n\n<h3 class=\"wp-block-heading\">3. CENTRO DE EPIDEMIOLOGIA, ESTAT\u00cdSTICA E PESQUISA CEEP<\/h3>\n\n\n\n<p>O Centro de Epidemiologia, Estat\u00edstica e Pesquisa \u2013 CEEP, \u00e9 um \u00f3rg\u00e3o que tem como objetivo primordial supervisionar e gerenciar a execu\u00e7\u00e3o das atividades de ensino, pesquisa e extens\u00e3o. \u00c9 dirigido por um m\u00e9dico efetivo ou consultor, indicado pelo Diretor de Ensino. O CEEP compreende os setores de ensino, pesquisa, divulga\u00e7\u00e3o e apoio did\u00e1tico-pedag\u00f3gico. S\u00e3o membros efetivos do CEEP os m\u00e9dicos do Corpo Cl\u00ednico da SCMJF e os demais profissionais da \u00e1rea de sa\u00fade que estejam participando das atividades de ensino e pesquisa ou que manifestem o seu interesse. S\u00e3o tempor\u00e1rios do CEEP os M\u00e9dicos Residentes, Acad\u00eamicos Internos e Credenciados.<\/p>\n\n\n\n<h3 class=\"wp-block-heading\">4. CURSOS DE P\u00d3S-GRADUA\u00c7\u00c3O \u201cLATO SENSU\u201d<\/h3>\n\n\n\n<p>Cursos de p\u00f3s-gradua\u00e7\u00e3o lato sensu denominados cursos de especializa\u00e7\u00e3o, s\u00e3o programas de n\u00edvel superior, de educa\u00e7\u00e3o continuada, com os objetivos de complementar a forma\u00e7\u00e3o acad\u00eamica, atualizar, incorporar compet\u00eancias t\u00e9cnicas e desenvolver novos perfis profissionais, com vistas ao aprimoramento da atua\u00e7\u00e3o no mundo do trabalho e ao atendimento de demandas por profissionais tecnicamente mais qualificados para o setor p\u00fablico, as empresas e as organiza\u00e7\u00f5es do terceiro setor, tendo em vista o desenvolvimento do pa\u00eds. Os cursos de especializa\u00e7\u00e3o s\u00e3o abertos a candidatos diplomados em cursos de gradua\u00e7\u00e3o. A Santa Casa ministra alguns cursos na \u00e1rea de Sa\u00fade, por si mesma e outros em Conv\u00eanio com Institui\u00e7\u00f5es de Ensino p\u00fablicas e privadas.<\/p>\n\n\n\n<h3 class=\"wp-block-heading\">5. COORDENA\u00c7\u00d5ES SETORIAIS<\/h3>\n\n\n\n<p>S\u00e3o consideradas Coordena\u00e7\u00f5es Setoriais aquelas que representam as categorias Enfermagem, Farm\u00e1cia, Fisioterapia, Fonoaudiologia, Psicologia, Servi\u00e7o de Nutri\u00e7\u00e3o e Diet\u00e9tica e Servi\u00e7o Social.<\/p>\n\n\n\n<h3 class=\"wp-block-heading\">6. BIBLIOTECA DA SANTA CASA DE MISERIC\u00d3RDIA DE JUIZ DE FORA<\/h3>\n\n\n\n<p>Biblioteca na defini\u00e7\u00e3o tradicional do termo, \u00e9 um local em que s\u00e3o guardados livros, documentos tridimensionais, e demais publica\u00e7\u00f5es para o p\u00fablico estudar, ler, e consultar tais obras. Desta forma, os tr\u00eas objetivos das bibliotecas s\u00e3o:<\/p>\n\n\n\n<ol class=\"wp-block-list\">\n<li>Guarda dos livros e demais publica\u00e7\u00f5es em local livre de perigo, onde n\u00e3o sejam roubados, incendiados e demais perigos;<\/li>\n\n\n\n<li>A conserva\u00e7\u00e3o, que n\u00e3o sejam estragados porque o p\u00fablico manuseia constantemente as obras, ou porque os documentos ficam \u00famidos, quentes e ou em situa\u00e7\u00f5es similares;<\/li>\n\n\n\n<li>A organiza\u00e7\u00e3o segundo algumas regras para catalogar e arquivar as obras impressas, com intuito de que seja poss\u00edvel de se encontrarem de maneira imediata por meio de classifica\u00e7\u00f5es como autor, assunto, ou diferente carater\u00edstica de import\u00e2ncia.<\/li>\n<\/ol>\n\n\n\n<p>A Biblioteca da Santa Casa de Miseric\u00f3rdia de Juiz de Fora contempla estes tr\u00eas princ\u00edpios plenamente: todos os livros e revistas est\u00e3o devidamente catalogados e guardados em lugar seguro. A bibliografia existente \u00e9 suficiente para dar suporte aos M\u00e9dicos Residentes e a todo o Corpo Cl\u00ednico da Santa Casa. Conta com uma ampla mesa para estudo e trabalhos em grupo e o suporte de 06 (seis) computadores. Est\u00e1 aberta das 7 horas \u00e0s 18 horas de segunda a quinta feiras, e 7 horas \u00e0s 17 horas \u00e0s sexta-feira. A frequ\u00eancia m\u00e9dia \u00e9 de 50 eleitores\/dia.<\/p>\n\n\n\n<h3 class=\"wp-block-heading\">7. CONV\u00caNIOS PARA EST\u00c1GIOS ACAD\u00caMICOS E DE M\u00c9DICOS RESIDENTES<\/h3>\n\n\n\n<p>A Santa Casa de Miseric\u00f3rdia possui v\u00e1rios conv\u00eanios para o desenvolvimento das atividades pr\u00e1ticas de ensino e pesquisa:<\/p>\n\n\n\n<p><strong>7.1 PARA ACAD\u00caMICOS:<\/strong><\/p>\n\n\n\n<ul class=\"wp-block-list\">\n<li>Conv\u00eanio UFJFxSCMJF \u2013 Enfermagem, Farm\u00e1cia, Fisioterapia, Medicina, Nutri\u00e7\u00e3o e Servi\u00e7o Social.<\/li>\n\n\n\n<li>Conv\u00eanio UFJFxSCMJ \u2013 Ginecologia e Obstetr\u00edcia.<\/li>\n\n\n\n<li>Conv\u00eanio UNIPACxSCMJF \u2013 Internato \u2013 Cl\u00ednica M\u00e9dica, Cirurgia, Ginecologia e Obstetr\u00edcia e Pediatria.<\/li>\n\n\n\n<li>Conv\u00eanio UFVxSCMJF \u2013 Nutri\u00e7\u00e3o<\/li>\n\n\n\n<li>Conv\u00eanio UniAcademiaxSCMJF &#8211; Enfermagem<\/li>\n<\/ul>\n\n\n\n<p><strong>7.2 PARA M\u00c9DICOS RESIDENTES:<\/strong><\/p>\n\n\n\n<ul class=\"wp-block-list\">\n<li>Conv\u00eanio UFJFxSCMJF \u2013 Hospital Universit\u00e1rio.<\/li>\n\n\n\n<li>Conv\u00eanio UFJFxSCMJF \u2013 Ginecologia e Obstetr\u00edcia<\/li>\n\n\n\n<li>Conv\u00eanio FHEMIGxSCMJF \u2013<\/li>\n\n\n\n<li>Conv\u00eanio HMTJxSCMJF \u2013 Endocrinologia e Metabologia e Cl\u00ednica M\u00e9dica<\/li>\n\n\n\n<li>Conv\u00eanio Oncol\u00f3gicoxSCMJF \u2013 Cirurgia Geral<\/li>\n<\/ul>\n","protected":false},"excerpt":{"rendered":"<p>1. A DIRE\u00c7\u00c3O DE ENSINO DA SANTA CASA DE MISERIC\u00d3RDIA DE JUIZ DE FORA,&nbsp;subordinada diretamente \u00e0 Presid\u00eancia do Conselho de Administra\u00e7\u00e3o, \u00e9 um setor de aprendizagem que congrega profissionais de diferentes \u00e1reas da sa\u00fade com o objetivo [&hellip;]<\/p>\n","protected":false},"author":1,"featured_media":445,"parent":329,"menu_order":0,"comment_status":"closed","ping_status":"closed","template":"","meta":{"_acf_changed":false,"inline_featured_image":false,"footnotes":""},"class_list":["post-332","page","type-page","status-publish","has-post-thumbnail","hentry"],"acf":[],"_links":{"self":[{"href":"https:\/\/i2w.com.br\/santacasa\/wp-json\/wp\/v2\/pages\/332","targetHints":{"allow":["GET"]}}],"collection":[{"href":"https:\/\/i2w.com.br\/santacasa\/wp-json\/wp\/v2\/pages"}],"about":[{"href":"https:\/\/i2w.com.br\/santacasa\/wp-json\/wp\/v2\/types\/page"}],"author":[{"embeddable":true,"href":"https:\/\/i2w.com.br\/santacasa\/wp-json\/wp\/v2\/users\/1"}],"replies":[{"embeddable":true,"href":"https:\/\/i2w.com.br\/santacasa\/wp-json\/wp\/v2\/comments?post=332"}],"version-history":[{"count":0,"href":"https:\/\/i2w.com.br\/santacasa\/wp-json\/wp\/v2\/pages\/332\/revisions"}],"up":[{"embeddable":true,"href":"https:\/\/i2w.com.br\/santacasa\/wp-json\/wp\/v2\/pages\/329"}],"wp:featuredmedia":[{"embeddable":true,"href":"https:\/\/i2w.com.br\/santacasa\/wp-json\/wp\/v2\/media\/445"}],"wp:attachment":[{"href":"https:\/\/i2w.com.br\/santacasa\/wp-json\/wp\/v2\/media?parent=332"}],"curies":[{"name":"wp","href":"https:\/\/api.w.org\/{rel}","templated":true}]}}