{"id":337,"date":"2024-08-28T11:55:40","date_gmt":"2024-08-28T14:55:40","guid":{"rendered":"http:\/\/santacasa.local\/?page_id=337"},"modified":"2025-02-19T09:27:48","modified_gmt":"2025-02-19T12:27:48","slug":"integridade","status":"publish","type":"page","link":"https:\/\/i2w.com.br\/santacasa\/transparencia\/integridade\/","title":{"rendered":"Integridade"},"content":{"rendered":"<div class=\"wp-block-image\">\n<figure class=\"aligncenter size-full is-resized\"><img loading=\"lazy\" decoding=\"async\" width=\"426\" height=\"201\" src=\"http:\/\/i2w.com.br\/santacasa\/wp-content\/uploads\/2024\/08\/image219.webp\" alt=\"\" class=\"wp-image-212\" style=\"width:426px;height:auto\"\/><\/figure>\n<\/div>\n\n\n<div style=\"height:40px\" aria-hidden=\"true\" class=\"wp-block-spacer\"><\/div>\n\n\n\n<h2 class=\"wp-block-heading has-text-align-left has-text-color has-link-color has-medium-font-size wp-elements-e2d69d8bfe8b1de0a00bc717c37fdeee\" style=\"color:#b7161c\"><strong>TRABALHAR COM AMOR \u00c9 PRECISO. TRABALHAR COM \u00c9TICA \u00c9 FUNDAMENTAL.<\/strong><\/h2>\n\n\n\n<div style=\"height:30px\" aria-hidden=\"true\" class=\"wp-block-spacer\"><\/div>\n\n\n\n<div class=\"wp-block-columns is-layout-flex wp-container-core-columns-is-layout-9d6595d7 wp-block-columns-is-layout-flex\">\n<div class=\"wp-block-column is-layout-flow wp-block-column-is-layout-flow\" style=\"flex-basis:270px\">\n<figure class=\"wp-block-image size-full is-resized\"><img loading=\"lazy\" decoding=\"async\" width=\"269\" height=\"500\" src=\"http:\/\/i2w.com.br\/santacasa\/wp-content\/uploads\/2024\/08\/rectangle1026.webp\" alt=\"\" class=\"wp-image-211\" style=\"width:270px\"\/><\/figure>\n<\/div>\n\n\n\n<div class=\"wp-block-column is-layout-flow wp-block-column-is-layout-flow\">\n<h3 class=\"wp-block-heading\">Integridade, humanidade e respeito com os pacientes, colegas e a sociedade.\u2028Este \u00e9 o compromisso da Santa Casa e de todos que fazem parte dela.<\/h3>\n\n\n\n<div style=\"height:30px\" aria-hidden=\"true\" class=\"wp-block-spacer\"><\/div>\n\n\n\n<p>O Sistema de Gest\u00e3o de Integridade implementado no \u00e2mbito da <strong>Santa Casa de Miseric\u00f3rdia de Juiz de Fora (SCMJF) <\/strong>demonstra o comprometimento da Institui\u00e7\u00e3o e de todas as pessoas a ela ligadas com o cumprimento das leis pertinentes &#8211; incluindo requisitos legislativos, regulamentos espec\u00edficos do segmento da sa\u00fade &#8211; a obedi\u00eancia aos controles e normas internas e as boas pr\u00e1ticas de governan\u00e7a.<\/p>\n\n\n\n<p>O Sistema de Gest\u00e3o de Integridade da SCMJF est\u00e1 baseado na avalia\u00e7\u00e3o de riscos, no planejamento para mitig\u00e1-los, na ado\u00e7\u00e3o de controles, na avalia\u00e7\u00e3o de desempenho, na gest\u00e3o de n\u00e3o cumprimentos e na melhoria cont\u00ednua, destacando-se o comprometimento da lideran\u00e7a e estabelecimento de responsabilidades em todos os n\u00edveis hier\u00e1rquicos.<\/p>\n\n\n\n<p>O Portal de Integridade da SCMJF \u00e9 uma plataforma exclusiva, acess\u00edvel pelo bot\u00e3o abaixo, onde o usu\u00e1rio poder\u00e1 consultar as normas de conduta e relatar comportamentos anti\u00e9ticos, desvios, il\u00edcitos, n\u00e3o-conformidades e viola\u00e7\u00f5es ao C\u00f3digo de \u00c9tica e Conduta e Pol\u00edticas Corporativas.<\/p>\n<\/div>\n<\/div>\n","protected":false},"excerpt":{"rendered":"<p>TRABALHAR COM AMOR \u00c9 PRECISO. TRABALHAR COM \u00c9TICA \u00c9 FUNDAMENTAL. Integridade, humanidade e respeito com os pacientes, colegas e a sociedade.\u2028Este \u00e9 o compromisso da Santa Casa e de todos que fazem parte dela. O Sistema de [&hellip;]<\/p>\n","protected":false},"author":1,"featured_media":213,"parent":704,"menu_order":0,"comment_status":"closed","ping_status":"closed","template":"page-transparencia.php","meta":{"_acf_changed":true,"inline_featured_image":false,"footnotes":""},"class_list":["post-337","page","type-page","status-publish","has-post-thumbnail","hentry"],"acf":[],"_links":{"self":[{"href":"https:\/\/i2w.com.br\/santacasa\/wp-json\/wp\/v2\/pages\/337","targetHints":{"allow":["GET"]}}],"collection":[{"href":"https:\/\/i2w.com.br\/santacasa\/wp-json\/wp\/v2\/pages"}],"about":[{"href":"https:\/\/i2w.com.br\/santacasa\/wp-json\/wp\/v2\/types\/page"}],"author":[{"embeddable":true,"href":"https:\/\/i2w.com.br\/santacasa\/wp-json\/wp\/v2\/users\/1"}],"replies":[{"embeddable":true,"href":"https:\/\/i2w.com.br\/santacasa\/wp-json\/wp\/v2\/comments?post=337"}],"version-history":[{"count":0,"href":"https:\/\/i2w.com.br\/santacasa\/wp-json\/wp\/v2\/pages\/337\/revisions"}],"up":[{"embeddable":true,"href":"https:\/\/i2w.com.br\/santacasa\/wp-json\/wp\/v2\/pages\/704"}],"wp:featuredmedia":[{"embeddable":true,"href":"https:\/\/i2w.com.br\/santacasa\/wp-json\/wp\/v2\/media\/213"}],"wp:attachment":[{"href":"https:\/\/i2w.com.br\/santacasa\/wp-json\/wp\/v2\/media?parent=337"}],"curies":[{"name":"wp","href":"https:\/\/api.w.org\/{rel}","templated":true}]}}