{"id":816,"date":"2025-03-10T14:23:47","date_gmt":"2025-03-10T17:23:47","guid":{"rendered":"https:\/\/i2w.com.br\/santacasa\/?page_id=816"},"modified":"2025-03-10T15:11:21","modified_gmt":"2025-03-10T18:11:21","slug":"maternidade","status":"publish","type":"page","link":"https:\/\/i2w.com.br\/santacasa\/maternidade\/","title":{"rendered":"Maternidade"},"content":{"rendered":"<p style=\"text-align: center;\"><em>Cuidado e tecnologia para um in\u00edcio de vida seguro<\/em><\/p>\n<p>A <strong>Maternidade da Santa Casa de Juiz de Fora<\/strong> \u00e9 refer\u00eancia no atendimento materno-infantil, combinando <strong>tecnologia de ponta, humaniza\u00e7\u00e3o e uma equipe multidisciplinar altamente capacitada.<\/strong><\/p>\n<p>Nossa estrutura conta com <strong>leitos no modelo alojamento conjunto<\/strong>, proporcionando mais conforto e proximidade entre m\u00e3e e beb\u00ea. Al\u00e9m disso, temos <strong>quatro salas de parto equipadas com suporte avan\u00e7ado e m\u00e9todos de analgesia n\u00e3o farmacol\u00f3gica<\/strong>, garantindo um nascimento mais seguro e acolhedor. Contamos com assist\u00eancia m\u00e9dica e de enfermagem <strong>24 horas por dia<\/strong> para oferecer suporte completo \u00e0s gestantes e rec\u00e9m-nascidos.<\/p>\n<p>A maternidade tamb\u00e9m disp\u00f5e de <strong>UTI Neonatal, Unidade Intermedi\u00e1ria Neonatal e programas voltados para fortalecer o v\u00ednculo entre m\u00e3e e beb\u00ea<\/strong>, garantindo um in\u00edcio de vida saud\u00e1vel e assistido.<\/p>\n<h3>Programa Natureza Perfeita para Benefici\u00e1rias Plasc<\/h3>\n<p>As benefici\u00e1rias do <strong>Plasc<\/strong> contam com o exclusivo Programa Natureza Perfeita, que promove as <strong>melhores pr\u00e1ticas na assist\u00eancia ao parto<\/strong>, reduzindo cesarianas sem indica\u00e7\u00e3o cl\u00ednica e priorizando a seguran\u00e7a da m\u00e3e e do beb\u00ea.<br \/>\nAs gestantes inscritas no programa t\u00eam acesso a uma <strong>sala de parto exclusiva<\/strong> e a um <strong>curso completo para gestantes<\/strong>, proporcionando uma experi\u00eancia de cuidado diferenciada.<\/p>\n<p><strong>\ud83d\udcde Mais informa\u00e7\u00f5es:<\/strong> (32) 3257-3450<\/p>\n<p>&nbsp;<\/p>\n<p><center><img loading=\"lazy\" decoding=\"async\" class=\"wp-image-817 aligncenter\" src=\"https:\/\/i2w.com.br\/santacasa\/wp-content\/uploads\/2025\/03\/Plasc-Natureza-Perfeita.webp\" alt=\"\" width=\"358\" height=\"347\" srcset=\"https:\/\/i2w.com.br\/santacasa\/wp-content\/uploads\/2025\/03\/Plasc-Natureza-Perfeita.webp 1182w, https:\/\/i2w.com.br\/santacasa\/wp-content\/uploads\/2025\/03\/Plasc-Natureza-Perfeita-768x745.webp 768w\" sizes=\"auto, (max-width: 358px) 100vw, 358px\" \/><\/center>&nbsp;<\/p>\n<h3>Agende uma Visita \u00e0 Maternidade<\/h3>\n<p>Futuras mam\u00e3es podem conhecer de perto a estrutura da maternidade da Santa Casa. O agendamento deve ser feito com o setor de Hotelaria pelos telefones (32) 3229-2872 ou (32) 3229-2867, todos os dias, das 7h \u00e0s 17h. As visitas s\u00e3o permitidas para gestantes a partir da 20\u00aa semana de gesta\u00e7\u00e3o, com direito a um acompanhante.<\/p>\n<h3>Projeto Canguru: humaniza\u00e7\u00e3o e v\u00ednculo afetivo<\/h3>\n<p>O <strong>Projeto Canguru<\/strong> \u00e9 um diferencial da nossa maternidade, oferecendo <strong>5 leitos exclusivos<\/strong> para essa abordagem humanizada. O contato pele a pele entre m\u00e3e e beb\u00ea prematuro <strong>favorece o ganho de peso, melhora a amamenta\u00e7\u00e3o, reduz o estresse e acelera a recupera\u00e7\u00e3o do rec\u00e9m-nascido.<\/strong> Nossa equipe oferece todo o suporte para que as fam\u00edlias vivenciem essa experi\u00eancia \u00fanica.<\/p>\n<h3>UTI Neonatal e Unidade de Cuidados Intermedi\u00e1rios<\/h3>\n<p>Nossa <strong>UTI Neonatal<\/strong> atende beb\u00eas prematuros, contando com <strong>respiradores modernos, leitos individualizados e uma equipe especializada em terapia intensiva pedi\u00e1trica e neonatal.<\/strong><\/p>\n<p>A <strong>Unidade de Cuidados Intermedi\u00e1rios Neonatal Convencional<\/strong> (UCINCo), localizada no 10\u00ba andar, possui <strong>15 leitos completos<\/strong> para rec\u00e9m-nascidos de at\u00e9 28 dias, oferecendo um ambiente ideal para a recupera\u00e7\u00e3o do beb\u00ea e fortalecimento do aleitamento materno.<\/p>\n<p>Ambos os setores possuem <strong>equipamentos de \u00faltima gera\u00e7\u00e3o<\/strong>, como ventiladores mec\u00e2nicos e sistemas de climatiza\u00e7\u00e3o que garantem o controle t\u00e9rmico ideal para os beb\u00eas, e equipe multidisciplinar composta por fisioterapeuta, psic\u00f3loga, nutricionista, farmac\u00eautica e fonoaudi\u00f3loga, al\u00e9m da enfermagem. O ambiente humanizado promove conforto e seguran\u00e7a tanto para os pacientes quanto para suas fam\u00edlias.<\/p>\n<p><img loading=\"lazy\" decoding=\"async\" class=\"alignnone wp-image-824 size-full\" src=\"https:\/\/i2w.com.br\/santacasa\/wp-content\/uploads\/2025\/03\/neonatologia.webp\" alt=\"\" width=\"1600\" height=\"1067\" srcset=\"https:\/\/i2w.com.br\/santacasa\/wp-content\/uploads\/2025\/03\/neonatologia.webp 1600w, https:\/\/i2w.com.br\/santacasa\/wp-content\/uploads\/2025\/03\/neonatologia-768x512.webp 768w, https:\/\/i2w.com.br\/santacasa\/wp-content\/uploads\/2025\/03\/neonatologia-1536x1024.webp 1536w\" sizes=\"auto, (max-width: 1600px) 100vw, 1600px\" \/><\/p>\n<h3>Hospital Amigo da Crian\u00e7a<\/h3>\n<p>Desde 2008, a Santa Casa \u00e9 reconhecida como <strong>Hospital Amigo da Crian\u00e7a<\/strong>, um t\u00edtulo concedido pela OMS e UNICEF para institui\u00e7\u00f5es que promovem e apoiam o aleitamento materno. Seguimos os <strong>Dez Passos para o Sucesso do Aleitame<\/strong><strong>nto Materno<\/strong>, capacitando nossa equipe e incentivando pr\u00e1ticas que fortalecem a amamenta\u00e7\u00e3o e o bem-estar dos rec\u00e9m-nascidos.<\/p>\n<p><center><img loading=\"lazy\" decoding=\"async\" class=\"size-full wp-image-232 alignnone\" src=\"https:\/\/i2w.com.br\/santacasa\/wp-content\/uploads\/2024\/08\/image226.webp\" alt=\"\" width=\"185\" height=\"190\" \/><\/center><center><\/center>&nbsp;<\/p>\n<p><strong>Escolha a Santa Casa de Juiz de Fora para um parto seguro, humanizado e com todo o suporte que voc\u00ea e seu beb\u00ea merecem.<\/strong><\/p>\n","protected":false},"excerpt":{"rendered":"<p>Cuidado e tecnologia para um in\u00edcio de vida seguro A Maternidade da Santa Casa de Juiz de Fora \u00e9 refer\u00eancia no atendimento materno-infantil, combinando tecnologia de ponta, humaniza\u00e7\u00e3o e uma equipe multidisciplinar altamente capacitada. Nossa estrutura conta [&hellip;]<\/p>\n","protected":false},"author":1,"featured_media":832,"parent":0,"menu_order":0,"comment_status":"closed","ping_status":"closed","template":"page-ouvidoria.php","meta":{"_acf_changed":false,"inline_featured_image":false,"footnotes":""},"class_list":["post-816","page","type-page","status-publish","has-post-thumbnail","hentry"],"acf":[],"_links":{"self":[{"href":"https:\/\/i2w.com.br\/santacasa\/wp-json\/wp\/v2\/pages\/816","targetHints":{"allow":["GET"]}}],"collection":[{"href":"https:\/\/i2w.com.br\/santacasa\/wp-json\/wp\/v2\/pages"}],"about":[{"href":"https:\/\/i2w.com.br\/santacasa\/wp-json\/wp\/v2\/types\/page"}],"author":[{"embeddable":true,"href":"https:\/\/i2w.com.br\/santacasa\/wp-json\/wp\/v2\/users\/1"}],"replies":[{"embeddable":true,"href":"https:\/\/i2w.com.br\/santacasa\/wp-json\/wp\/v2\/comments?post=816"}],"version-history":[{"count":0,"href":"https:\/\/i2w.com.br\/santacasa\/wp-json\/wp\/v2\/pages\/816\/revisions"}],"wp:featuredmedia":[{"embeddable":true,"href":"https:\/\/i2w.com.br\/santacasa\/wp-json\/wp\/v2\/media\/832"}],"wp:attachment":[{"href":"https:\/\/i2w.com.br\/santacasa\/wp-json\/wp\/v2\/media?parent=816"}],"curies":[{"name":"wp","href":"https:\/\/api.w.org\/{rel}","templated":true}]}}